{"id":167,"date":"2016-04-09T11:17:19","date_gmt":"2016-04-09T11:17:19","guid":{"rendered":"http:\/\/rockythemes.com\/creativo-cafe\/?page_id=167"},"modified":"2025-08-14T17:09:57","modified_gmt":"2025-08-14T17:09:57","slug":"architectural-project","status":"publish","type":"page","link":"https:\/\/xtsunuum.com\/en\/architectural-project\/","title":{"rendered":"PROJECT"},"content":{"rendered":"<div class=\"wpb-content-wrapper\">[vc_row full_width=\u00bbstretch_row_content_no_spaces\u00bb css=\u00bb.vc_custom_1728578450475{padding-top: 20% !important;padding-bottom: 20% !important;background-image: url(https:\/\/xtsunuum.com\/en\/wp-content\/uploads\/2018\/07\/plaza-comercial-playa-del-carmen-1-2.jpg?id=460) !important;}\u00bb][vc_column][vc_custom_heading text=\u00bbPROYECTO ARQUITECT\u00d3NICO\u00bb font_container=\u00bbtag:h1|font_size:50|text_align:center|color:%23ffffff\u00bb use_theme_fonts=\u00bbyes\u00bb css=\u00bb.vc_custom_1730215814896{padding-top: 20px !important;}\u00bb][\/vc_column][\/vc_row][vc_row layout=\u00bbwide\u00bb eq_height=\u00bbyes\u00bb content_placement=\u00bbmiddle\u00bb full_width=\u00bbstretch_row_content_no_spaces\u00bb equal_height=\u00bbyes\u00bb][vc_column css=\u00bb.vc_custom_1730139384282{background-image: url(https:\/\/xtsunuum.com\/en\/wp-content\/uploads\/2024\/10\/edit-vista-alberca-2.jpg?id=708) !important;background-position: center !important;background-repeat: no-repeat !important;background-size: cover !important;}\u00bb offset=\u00bbvc_col-lg-6 vc_col-md-12 vc_hidden-sm\u00bb][vc_separator style=\u00bbblank\u00bb color=\u00bbcustom\u00bb padding_top=\u00bb10&#8243; padding_bottom=\u00bb10&#8243; css=\u00bb\u00bb accent_color=\u00bb#EEEEEE00&#8243;][\/vc_column][vc_column css=\u00bb.vc_custom_1531494778372{padding-top: 80px !important;padding-right: 10% !important;padding-bottom: 80px !important;padding-left: 10% !important;background-image: url(https:\/\/xtsunuum.com\/en\/wp-content\/uploads\/2018\/07\/back-tsunuum.jpg?id=429) !important;background-position: center !important;background-repeat: no-repeat !important;background-size: cover !important;}\u00bb offset=\u00bbvc_col-lg-6 vc_col-md-12&#8243;][vc_single_image image=\u00bb715&#8243; img_size=\u00bbfull\u00bb alignment=\u00bbcenter\u00bb css=\u00bb.vc_custom_1730142909540{margin-bottom: 50px !important;}\u00bb][vc_column_text css=\u00bb.vc_custom_1730385675288{margin-top: 50px !important;}\u00bb]<span style=\"color: #000000;\">El proyecto arquitect\u00f3nico se construy\u00f3 a base de una s\u00faper estructura met\u00e1lica prefabricada y reforzada con materiales de la m\u00e1s alta calidad, dando como resultado departamentos de lujo muy seguros, modernos y atractivos construidos con los m\u00e1s altos est\u00e1ndares de calidad.<\/span><\/p>\n<p><span style=\"color: #000000;\">El edificio consta de 14 condominios de lujo. El proyecto tambi\u00e9n cuenta con zonas y servicios comunes.<\/span>[\/vc_column_text][\/vc_column][\/vc_row][vc_row layout=\u00bbstretch_row_content_no_spaces\u00bb eq_height=\u00bbyes\u00bb full_width=\u00bbstretch_row_content_no_spaces\u00bb css=\u00bb.vc_custom_1728578467235{border-top-width: 1px !important;border-bottom-width: 1px !important;border-top-style: solid !important;border-bottom-style: solid !important;border-color: #3f3f3f !important;}\u00bb][vc_column css=\u00bb.vc_custom_1460199657425{padding-top: 80px !important;padding-right: 10% !important;padding-bottom: 80px !important;padding-left: 10% !important;}\u00bb][vc_custom_heading text=\u00bbPROYECTO CONDOMINIOS DE LUJO\u00bb font_container=\u00bbtag:h2|font_size:40|text_align:center|color:%23312f31&#8243; use_theme_fonts=\u00bbyes\u00bb css=\u00bb\u00bb][vc_single_image image=\u00bb705&#8243; img_size=\u00bbfull\u00bb alignment=\u00bbcenter\u00bb onclick=\u00bblink_image\u00bb css=\u00bb\u00bb][\/vc_column][\/vc_row][vc_row layout=\u00bbstretch_row_content_no_spaces\u00bb eq_height=\u00bbyes\u00bb full_width=\u00bbstretch_row_content_no_spaces\u00bb css=\u00bb.vc_custom_1730143381208{border-top-width: 1px !important;border-bottom-width: 1px !important;border-top-style: solid !important;border-bottom-style: solid !important;border-color: #FFFFFF !important;}\u00bb][vc_column css=\u00bb.vc_custom_1460199657425{padding-top: 80px !important;padding-right: 10% !important;padding-bottom: 80px !important;padding-left: 10% !important;}\u00bb][vc_custom_heading text=\u00bbGROUND LEVEL\u00bb font_container=\u00bbtag:h2|font_size:40|text_align:center|color:%23312f31&#8243; use_theme_fonts=\u00bbyes\u00bb css=\u00bb\u00bb][vc_row_inner css=\u00bb.vc_custom_1755038447843{margin-top: 50px !important;border-bottom-width: 0px !important;border-bottom-style: solid !important;border-color: #D9A680 !important;}\u00bb][vc_column_inner width=\u00bb1\/2&#8243; css=\u00bb.vc_custom_1730153422182{margin-right: 60px !important;border-bottom-width: 0px !important;border-bottom-style: solid !important;border-color: #50202F !important;}\u00bb][vc_custom_heading text=\u00bbDepartamento tipo 1&#8243; font_container=\u00bbtag:h2|font_size:26|text_align:left|color:%23d0bc9b\u00bb use_theme_fonts=\u00bbyes\u00bb css=\u00bb\u00bb][vc_column_text css=\u00bb\u00bb]\n<ol>\n<li>-Cocina<\/li>\n<li>-Sala Comedor<\/li>\n<li>-W.C.<\/li>\n<li>-Hall de Tv<\/li>\n<li>-Rec\u00e1mara Principal<\/li>\n<li>-W.C.<\/li>\n<li>-Recamara 2<\/li>\n<li>-\u00c1rea de Lavado<\/li>\n<li>-Terraza<\/li>\n<\/ol>\n[\/vc_column_text][\/vc_column_inner][vc_column_inner width=\u00bb1\/2&#8243; css=\u00bb.vc_custom_1531170974276{margin-left: 60px !important;}\u00bb][vc_single_image image=\u00bb799&#8243; img_size=\u00bbfull\u00bb alignment=\u00bbcenter\u00bb onclick=\u00bblink_image\u00bb css=\u00bb\u00bb][\/vc_column_inner][\/vc_row_inner][vc_row_inner css=\u00bb.vc_custom_1730153538206{margin-top: 50px !important;border-bottom-width: 5px !important;border-bottom-style: solid !important;border-color: #D9A680 !important;}\u00bb][vc_column_inner css=\u00bb.vc_custom_1730153422182{margin-right: 60px !important;border-bottom-width: 0px !important;border-bottom-style: solid !important;border-color: #50202F !important;}\u00bb][vc_gallery type=\u00bbimage_grid\u00bb images=\u00bb807,808,809,810,811,812&#8243; img_size=\u00bb400&#215;200&#8243; css=\u00bb\u00bb][\/vc_column_inner][\/vc_row_inner][vc_row_inner css=\u00bb.vc_custom_1755102887116{margin-top: 50px !important;border-bottom-width: 0px !important;border-bottom-style: solid !important;border-color: #D9A680 !important;}\u00bb][vc_column_inner width=\u00bb1\/4&#8243; css=\u00bb.vc_custom_1730153422182{margin-right: 60px !important;border-bottom-width: 0px !important;border-bottom-style: solid !important;border-color: #50202F !important;}\u00bb][vc_custom_heading text=\u00bbDepartamento tipo 2&#8243; font_container=\u00bbtag:h2|font_size:26|text_align:left|color:%23d0bc9b\u00bb use_theme_fonts=\u00bbyes\u00bb css=\u00bb\u00bb][vc_column_text css=\u00bb\u00bb]\n<ol>\n<li>-Cocina<\/li>\n<li>-Sala Comedor<\/li>\n<li>-W.C.<\/li>\n<li>-Terraza<\/li>\n<li>-Patio de Servicios<\/li>\n<li>-Recamara Principal<\/li>\n<li>-WC<\/li>\n<li>-Jacuzzi<\/li>\n<li>-Cuarto de Maquinas<\/li>\n<\/ol>\n[\/vc_column_text][\/vc_column_inner][vc_column_inner width=\u00bb1\/4&#8243; css=\u00bb.vc_custom_1531170974276{margin-left: 60px !important;}\u00bb][vc_single_image image=\u00bb800&#8243; img_size=\u00bbfull\u00bb alignment=\u00bbcenter\u00bb onclick=\u00bblink_image\u00bb css=\u00bb\u00bb][\/vc_column_inner][vc_column_inner width=\u00bb1\/4&#8243;][vc_single_image image=\u00bb801&#8243; img_size=\u00bbfull\u00bb alignment=\u00bbcenter\u00bb onclick=\u00bblink_image\u00bb css=\u00bb\u00bb][\/vc_column_inner][vc_column_inner width=\u00bb1\/4&#8243;][vc_single_image image=\u00bb802&#8243; img_size=\u00bbfull\u00bb alignment=\u00bbcenter\u00bb onclick=\u00bblink_image\u00bb css=\u00bb\u00bb][\/vc_column_inner][\/vc_row_inner][vc_row_inner css=\u00bb.vc_custom_1730153538206{margin-top: 50px !important;border-bottom-width: 5px !important;border-bottom-style: solid !important;border-color: #D9A680 !important;}\u00bb][vc_column_inner css=\u00bb.vc_custom_1730153422182{margin-right: 60px !important;border-bottom-width: 0px !important;border-bottom-style: solid !important;border-color: #50202F !important;}\u00bb][vc_gallery type=\u00bbimage_grid\u00bb images=\u00bb816,817,818,819,820,821&#8243; img_size=\u00bb400&#215;200&#8243; css=\u00bb\u00bb][\/vc_column_inner][\/vc_row_inner][vc_row_inner css=\u00bb.vc_custom_1755102910683{margin-top: 50px !important;border-bottom-width: 0px !important;border-bottom-style: solid !important;border-color: #D9A680 !important;}\u00bb][vc_column_inner width=\u00bb1\/4&#8243; css=\u00bb.vc_custom_1730153422182{margin-right: 60px !important;border-bottom-width: 0px !important;border-bottom-style: solid !important;border-color: #50202F !important;}\u00bb][vc_custom_heading text=\u00bbDepartamento tipo 3&#8243; font_container=\u00bbtag:h2|font_size:26|text_align:left|color:%23d0bc9b\u00bb use_theme_fonts=\u00bbyes\u00bb css=\u00bb\u00bb][vc_column_text css=\u00bb\u00bb]\n<ol>\n<li>-Cocina<\/li>\n<li>-Sala Comedor<\/li>\n<li>-Recamara 1<\/li>\n<li>-W.C.<\/li>\n<li>-Terraza<\/li>\n<li>-Recamara 2<\/li>\n<li>-W.C.<\/li>\n<li>-Recamara Principal<\/li>\n<li>-W.C.<\/li>\n<li>-Comedor<\/li>\n<li>Jacuzzi<\/li>\n<\/ol>\n[\/vc_column_text][\/vc_column_inner][vc_column_inner width=\u00bb1\/4&#8243; css=\u00bb.vc_custom_1531170974276{margin-left: 60px !important;}\u00bb][vc_single_image image=\u00bb803&#8243; img_size=\u00bbfull\u00bb alignment=\u00bbcenter\u00bb onclick=\u00bblink_image\u00bb css=\u00bb\u00bb][\/vc_column_inner][vc_column_inner width=\u00bb1\/4&#8243;][vc_single_image image=\u00bb804&#8243; img_size=\u00bbfull\u00bb alignment=\u00bbcenter\u00bb onclick=\u00bblink_image\u00bb css=\u00bb\u00bb][\/vc_column_inner][vc_column_inner width=\u00bb1\/4&#8243;][vc_single_image image=\u00bb805&#8243; img_size=\u00bbfull\u00bb alignment=\u00bbcenter\u00bb onclick=\u00bblink_image\u00bb css=\u00bb\u00bb][\/vc_column_inner][\/vc_row_inner][vc_row_inner css=\u00bb.vc_custom_1730153538206{margin-top: 50px !important;border-bottom-width: 5px !important;border-bottom-style: solid !important;border-color: #D9A680 !important;}\u00bb][vc_column_inner css=\u00bb.vc_custom_1730153422182{margin-right: 60px !important;border-bottom-width: 0px !important;border-bottom-style: solid !important;border-color: #50202F !important;}\u00bb][vc_gallery type=\u00bbimage_grid\u00bb images=\u00bb823,825,826,827,828,824&#8243; img_size=\u00bb400&#215;200&#8243; css=\u00bb\u00bb][\/vc_column_inner][\/vc_row_inner][\/vc_column][\/vc_row]\n<\/div>","protected":false},"excerpt":{"rendered":"<p>[vc_row full_width=\u00bbstretch_row_content_no_spaces\u00bb css=\u00bb.vc_custom_1728578450475{padding-top: 20% !important;padding-bottom: 20% !important;background-image: url(https:\/\/xtsunuum.com\/en\/wp-content\/uploads\/2018\/07\/plaza-comercial-playa-del-carmen-1-2.jpg?id=460) !important;}\u00bb][vc_column][vc_custom_heading text=\u00bbPROYECTO ARQUITECT\u00d3NICO\u00bb font_container=\u00bbtag:h1|font_size:50|text_align:center|color:%23ffffff\u00bb use_theme_fonts=\u00bbyes\u00bb css=\u00bb.vc_custom_1730215814896{padding-top: 20px !important;}\u00bb][\/vc_column][\/vc_row][vc_row layout=\u00bbwide\u00bb eq_height=\u00bbyes\u00bb content_placement=\u00bbmiddle\u00bb full_width=\u00bbstretch_row_content_no_spaces\u00bb equal_height=\u00bbyes\u00bb][vc_column css=\u00bb.vc_custom_1730139384282{background-image: url(https:\/\/xtsunuum.com\/en\/wp-content\/uploads\/2024\/10\/edit-vista-alberca-2.jpg?id=708) !important;background-position: center !important;background-repeat: no-repeat !important;background-size: cover !important;}\u00bb offset=\u00bbvc_col-lg-6 vc_col-md-12 vc_hidden-sm\u00bb][vc_separator style=\u00bbblank\u00bb color=\u00bbcustom\u00bb padding_top=\u00bb10&#8243; padding_bottom=\u00bb10&#8243; css=\u00bb\u00bb accent_color=\u00bb#EEEEEE00&#8243;][\/vc_column][vc_column css=\u00bb.vc_custom_1531494778372{padding-top: 80px !important;padding-right: 10% !important;padding-bottom: 80px !important;padding-left: 10% !important;background-image: url(https:\/\/xtsunuum.com\/en\/wp-content\/uploads\/2018\/07\/back-tsunuum.jpg?id=429) !important;background-position: center !important;background-repeat: no-repeat !important;background-size: cover&#8230;<\/p>\n","protected":false},"author":1,"featured_media":0,"parent":0,"menu_order":0,"comment_status":"closed","ping_status":"closed","template":"page-full.php","meta":{"footnotes":""},"class_list":["post-167","page","type-page","status-publish","hentry"],"_links":{"self":[{"href":"https:\/\/xtsunuum.com\/en\/wp-json\/wp\/v2\/pages\/167","targetHints":{"allow":["GET"]}}],"collection":[{"href":"https:\/\/xtsunuum.com\/en\/wp-json\/wp\/v2\/pages"}],"about":[{"href":"https:\/\/xtsunuum.com\/en\/wp-json\/wp\/v2\/types\/page"}],"author":[{"embeddable":true,"href":"https:\/\/xtsunuum.com\/en\/wp-json\/wp\/v2\/users\/1"}],"replies":[{"embeddable":true,"href":"https:\/\/xtsunuum.com\/en\/wp-json\/wp\/v2\/comments?post=167"}],"version-history":[{"count":86,"href":"https:\/\/xtsunuum.com\/en\/wp-json\/wp\/v2\/pages\/167\/revisions"}],"predecessor-version":[{"id":831,"href":"https:\/\/xtsunuum.com\/en\/wp-json\/wp\/v2\/pages\/167\/revisions\/831"}],"wp:attachment":[{"href":"https:\/\/xtsunuum.com\/en\/wp-json\/wp\/v2\/media?parent=167"}],"curies":[{"name":"wp","href":"https:\/\/api.w.org\/{rel}","templated":true}]}}