{"id":438,"date":"2018-07-13T17:21:33","date_gmt":"2018-07-13T17:21:33","guid":{"rendered":"https:\/\/drakko.com.mx\/demos\/txs\/?page_id=438"},"modified":"2024-10-31T14:43:04","modified_gmt":"2024-10-31T14:43:04","slug":"common-areas","status":"publish","type":"page","link":"https:\/\/xtsunuum.com\/en\/common-areas\/","title":{"rendered":"COMMON AREAS"},"content":{"rendered":"<div class=\"wpb-content-wrapper\">[vc_row full_width=\u00bbstretch_row_content_no_spaces\u00bb layout=\u00bbwide\u00bb css=\u00bb.vc_custom_1730144335631{border-top-width: 1px !important;padding-top: 100px !important;padding-bottom: 100px !important;background-image: url(https:\/\/xtsunuum.com\/en\/wp-content\/uploads\/2024\/10\/COMMON.jpg?id=724) !important;background-position: center !important;background-repeat: no-repeat !important;background-size: cover !important;border-top-style: solid !important;border-color: #3d383d !important;}\u00bb][vc_column css=\u00bb.vc_custom_1531502915241{padding-top: 100px !important;}\u00bb][vc_custom_heading text=\u00bb\u00c1MENIDADES\u00bb font_container=\u00bbtag:h3|font_size:40|text_align:center|color:%23ffffff\u00bb use_theme_fonts=\u00bbyes\u00bb css=\u00bb\u00bb][vc_custom_heading text=\u00bbCondominios de lujo\u00bb font_container=\u00bbtag:h4|font_size:20|text_align:center|color:%23d1b181|line_height:24px\u00bb use_theme_fonts=\u00bbyes\u00bb css=\u00bb\u00bb][\/vc_column][\/vc_row][vc_row full_width=\u00bbstretch_row_content_no_spaces\u00bb equal_height=\u00bbyes\u00bb content_placement=\u00bbmiddle\u00bb layout=\u00bbwide\u00bb eq_height=\u00bbyes\u00bb css=\u00bb.vc_custom_1728578619619{border-top-width: 1px !important;border-top-style: solid !important;border-color: #3d383d !important;}\u00bb][vc_column css=\u00bb.vc_custom_1531504832686{padding-top: 80px !important;padding-right: 10% !important;padding-bottom: 80px !important;padding-left: 10% !important;background-image: url(https:\/\/xtsunuum.com\/en\/wp-content\/uploads\/2018\/07\/back-tsunuum.jpg?id=429) !important;}\u00bb offset=\u00bbvc_col-lg-6 vc_col-md-12&#8243;][vc_single_image image=\u00bb715&#8243; img_size=\u00bbfull\u00bb alignment=\u00bbcenter\u00bb css=\u00bb.vc_custom_1730216263596{padding-bottom: 35px !important;}\u00bb][vc_column_text css=\u00bb\u00bb]\n<p style=\"text-align: left;\">Descubre un nuevo est\u00e1ndar de vida en nuestros departamentos de lujo, donde cada detalle est\u00e1 pensado para ofrecerte una experiencia \u00fanica. Disfruta de amplias \u00e1reas comunes dise\u00f1adas para tu confort y bienestar. Rel\u00e1jate en nuestra piscina con carril de nado de 15m, mantente en forma en el gimnasio equipado y libera toda tu energ\u00eda en la exclusiva cancha de Pickleball.<\/p>\n<p style=\"text-align: left;\">Adem\u00e1s de estos espacios, tendr\u00e1s a tu disposici\u00f3n \u00e1reas de descanso al aire libre. Vive con la tranquilidad que mereces en un entorno seguro, moderno y con amenidades exclusivas que transformar\u00e1n cada d\u00eda en una experiencia de lujo.<\/p>\n[\/vc_column_text][\/vc_column][vc_column css=\u00bb.vc_custom_1730139571530{background-image: url(https:\/\/xtsunuum.com\/en\/wp-content\/uploads\/2024\/10\/edit-vista-alberca-1.jpg?id=710) !important;background-position: center !important;background-repeat: no-repeat !important;background-size: cover !important;}\u00bb offset=\u00bbvc_col-lg-6 vc_col-md-12 vc_hidden-md vc_col-xs-12&#8243;][\/vc_column][\/vc_row][vc_row full_width=\u00bbstretch_row_content_no_spaces\u00bb][vc_column width=\u00bb1\/4&#8243;][vc_single_image image=\u00bb683&#8243; img_size=\u00bbfull\u00bb alignment=\u00bbcenter\u00bb onclick=\u00bblink_image\u00bb css=\u00bb\u00bb][\/vc_column][vc_column width=\u00bb1\/4&#8243;][vc_single_image image=\u00bb690&#8243; img_size=\u00bbfull\u00bb alignment=\u00bbcenter\u00bb onclick=\u00bblink_image\u00bb css=\u00bb\u00bb][\/vc_column][vc_column width=\u00bb1\/4&#8243;][vc_single_image image=\u00bb679&#8243; img_size=\u00bbfull\u00bb alignment=\u00bbcenter\u00bb onclick=\u00bblink_image\u00bb css=\u00bb\u00bb][\/vc_column][vc_column width=\u00bb1\/4&#8243;][vc_single_image image=\u00bb777&#8243; img_size=\u00bbfull\u00bb alignment=\u00bbcenter\u00bb onclick=\u00bblink_image\u00bb css=\u00bb\u00bb][\/vc_column][\/vc_row]\n<\/div>","protected":false},"excerpt":{"rendered":"<p>[vc_row full_width=\u00bbstretch_row_content_no_spaces\u00bb layout=\u00bbwide\u00bb css=\u00bb.vc_custom_1730144335631{border-top-width: 1px !important;padding-top: 100px !important;padding-bottom: 100px !important;background-image: url(https:\/\/xtsunuum.com\/en\/wp-content\/uploads\/2024\/10\/COMMON.jpg?id=724) !important;background-position: center !important;background-repeat: no-repeat !important;background-size: cover !important;border-top-style: solid !important;border-color: #3d383d !important;}\u00bb][vc_column css=\u00bb.vc_custom_1531502915241{padding-top: 100px !important;}\u00bb][vc_custom_heading text=\u00bb\u00c1MENIDADES\u00bb font_container=\u00bbtag:h3|font_size:40|text_align:center|color:%23ffffff\u00bb use_theme_fonts=\u00bbyes\u00bb css=\u00bb\u00bb][vc_custom_heading text=\u00bbCondominios de lujo\u00bb font_container=\u00bbtag:h4|font_size:20|text_align:center|color:%23d1b181|line_height:24px\u00bb use_theme_fonts=\u00bbyes\u00bb css=\u00bb\u00bb][\/vc_column][\/vc_row][vc_row full_width=\u00bbstretch_row_content_no_spaces\u00bb equal_height=\u00bbyes\u00bb content_placement=\u00bbmiddle\u00bb layout=\u00bbwide\u00bb eq_height=\u00bbyes\u00bb css=\u00bb.vc_custom_1728578619619{border-top-width: 1px !important;border-top-style: solid !important;border-color: #3d383d !important;}\u00bb][vc_column css=\u00bb.vc_custom_1531504832686{padding-top: 80px !important;padding-right: 10% !important;padding-bottom: 80px !important;padding-left: 10%&#8230;<\/p>\n","protected":false},"author":1,"featured_media":0,"parent":0,"menu_order":0,"comment_status":"closed","ping_status":"closed","template":"page-full.php","meta":{"footnotes":""},"class_list":["post-438","page","type-page","status-publish","hentry"],"_links":{"self":[{"href":"https:\/\/xtsunuum.com\/en\/wp-json\/wp\/v2\/pages\/438","targetHints":{"allow":["GET"]}}],"collection":[{"href":"https:\/\/xtsunuum.com\/en\/wp-json\/wp\/v2\/pages"}],"about":[{"href":"https:\/\/xtsunuum.com\/en\/wp-json\/wp\/v2\/types\/page"}],"author":[{"embeddable":true,"href":"https:\/\/xtsunuum.com\/en\/wp-json\/wp\/v2\/users\/1"}],"replies":[{"embeddable":true,"href":"https:\/\/xtsunuum.com\/en\/wp-json\/wp\/v2\/comments?post=438"}],"version-history":[{"count":37,"href":"https:\/\/xtsunuum.com\/en\/wp-json\/wp\/v2\/pages\/438\/revisions"}],"predecessor-version":[{"id":793,"href":"https:\/\/xtsunuum.com\/en\/wp-json\/wp\/v2\/pages\/438\/revisions\/793"}],"wp:attachment":[{"href":"https:\/\/xtsunuum.com\/en\/wp-json\/wp\/v2\/media?parent=438"}],"curies":[{"name":"wp","href":"https:\/\/api.w.org\/{rel}","templated":true}]}}