{"id":8,"date":"2016-04-02T22:12:23","date_gmt":"2016-04-02T22:12:23","guid":{"rendered":"http:\/\/localhost\/food\/?page_id=2"},"modified":"2024-10-31T15:36:51","modified_gmt":"2024-10-31T15:36:51","slug":"home","status":"publish","type":"page","link":"https:\/\/xtsunuum.com\/en\/","title":{"rendered":"HOME"},"content":{"rendered":"<div class=\"wpb-content-wrapper\">[vc_row full_width=\u00bbstretch_row_content_no_spaces\u00bb layout=\u00bbstretch_row_content_no_spaces\u00bb css=\u00bb.vc_custom_1730138707196{margin-top: 0px !important;background-color: #000000 !important;}\u00bb][vc_column][rev_slider_vc alias=\u00bbslider-2&#8243;][\/vc_column][\/vc_row][vc_row full_width=\u00bbstretch_row_content_no_spaces\u00bb css=\u00bb.vc_custom_1728578325331{border-top-width: 3px !important;padding-top: 40px !important;padding-bottom: 40px !important;background-color: #363336 !important;border-top-style: solid !important;border-color: #2e2b2e !important;}\u00bb][vc_column width=\u00bb2\/3&#8243;][vc_custom_heading text=\u00bbDepartamentos de lujo en Pre-venta\u00bb font_container=\u00bbtag:h3|font_size:25|text_align:left|color:%23ffffff\u00bb use_theme_fonts=\u00bbyes\u00bb css=\u00bb.vc_custom_1729701496532{padding-left: 50px !important;}\u00bb][\/vc_column][vc_column width=\u00bb1\/3&#8243;][vc_btn title=\u00bbM\u00c1S INFORMACI\u00d3N\u00bb color=\u00bbdefault\u00bb align=\u00bbcenter\u00bb css=\u00bb\u00bb link=\u00bburl:https%3A%2F%2Fapi.whatsapp.com%2Fsend%3Fphone%3D524441651875|target:_blank\u00bb el_id=\u00bbbotons\u00bb][\/vc_column][\/vc_row][vc_row full_width=\u00bbstretch_row_content_no_spaces\u00bb equal_height=\u00bbyes\u00bb content_placement=\u00bbmiddle\u00bb layout=\u00bbwide\u00bb eq_height=\u00bbyes\u00bb css=\u00bb.vc_custom_1730137255502{border-top-width: 1px !important;background-image: url(https:\/\/xtsunuum.com\/en\/wp-content\/uploads\/2024\/10\/edit-vista-departamento-grande.jpg?id=702) !important;background-position: center !important;background-repeat: no-repeat !important;background-size: cover !important;border-top-style: solid !important;border-color: #3d383d !important;}\u00bb][vc_column css=\u00bb.vc_custom_1531493758107{padding-top: 80px !important;padding-right: 10% !important;padding-bottom: 80px !important;padding-left: 10% !important;background-image: url(https:\/\/xtsunuum.com\/en\/wp-content\/uploads\/2018\/07\/back-tsunuum.jpg?id=429) !important;}\u00bb offset=\u00bbvc_col-lg-6 vc_col-md-12&#8243;][vc_single_image image=\u00bb715&#8243; img_size=\u00bbfull\u00bb alignment=\u00bbcenter\u00bb css=\u00bb.vc_custom_1730142854936{margin-bottom: 50px !important;}\u00bb][vc_column_text css=\u00bb\u00bb]<span style=\"color: #000000;\">Ubicado estrat\u00e9gicamente en la zona de mayor potencial de la Riviera Maya:<\/span>[\/vc_column_text][vc_row_inner css=\u00bb.vc_custom_1533571108714{padding-top: 20px !important;padding-bottom: 20px !important;}\u00bb][vc_column_inner width=\u00bb1\/2&#8243;][vc_single_image image=\u00bb544&#8243; img_size=\u00bbfull\u00bb alignment=\u00bbcenter\u00bb onclick=\u00bbcustom_link\u00bb link=\u00bbhttp:\/\/www.ciudadmayakoba.com\/\u00bb][\/vc_column_inner][vc_column_inner width=\u00bb1\/2&#8243;][vc_single_image image=\u00bb543&#8243; img_size=\u00bbfull\u00bb alignment=\u00bbcenter\u00bb onclick=\u00bbcustom_link\u00bb link=\u00bbhttp:\/\/www.senderosmayakoba.mx\/\u00bb][\/vc_column_inner][\/vc_row_inner][vc_column_text css=\u00bb\u00bb]<span style=\"color: #000000;\">Xts\u00b4unu\u00b4um, es un proyecto pensado para aquellas personas que pretenden desarrollar su patrimonio en el coraz\u00f3n de la Riviera maya a tan solo 7 minutos del centro de playa del Carmen en el estado de Quintana Roo.<\/span><\/p>\n<p><span style=\"color: #000000;\">Es el desarrollo m\u00e1s innovador y sustentable de la zona. 14 condominios de lujo con acabados de la m\u00e1s alta calidad y equipamento completamente el\u00e9ctrico apoyado con paneles solares, prescindiendo as\u00ed de cualquier equipo de combusti\u00f3n que aumenta el riesgo e accidentes y la huella ecol\u00f3gica (de carb\u00f3n).\u00a0 Los condos cuentan con cristales templados de 10mm a prueba de ciclones.<\/span>[\/vc_column_text][vc_separator style=\u00bbblank\u00bb padding_top=\u00bb10&#8243; padding_bottom=\u00bb10&#8243;][\/vc_column][vc_column css=\u00bb.vc_custom_1730137208567{background-position: center !important;background-repeat: no-repeat !important;background-size: cover !important;}\u00bb offset=\u00bbvc_col-lg-6 vc_col-md-12 vc_hidden-md vc_col-xs-12&#8243;][\/vc_column][\/vc_row][vc_row full_width=\u00bbstretch_row_content_no_spaces\u00bb css=\u00bb.vc_custom_1730138236482{padding-top: 200px !important;padding-bottom: 200px !important;background-image: url(https:\/\/xtsunuum.com\/en\/wp-content\/uploads\/2024\/10\/edit-vista-vestibulo.jpg?id=705) !important;background-position: center !important;background-repeat: no-repeat !important;background-size: cover !important;}\u00bb][vc_column][\/vc_column][\/vc_row]\n<\/div>","protected":false},"excerpt":{"rendered":"<p>[vc_row full_width=\u00bbstretch_row_content_no_spaces\u00bb layout=\u00bbstretch_row_content_no_spaces\u00bb css=\u00bb.vc_custom_1730138707196{margin-top: 0px !important;background-color: #000000 !important;}\u00bb][vc_column][rev_slider_vc alias=\u00bbslider-2&#8243;][\/vc_column][\/vc_row][vc_row full_width=\u00bbstretch_row_content_no_spaces\u00bb css=\u00bb.vc_custom_1728578325331{border-top-width: 3px !important;padding-top: 40px !important;padding-bottom: 40px !important;background-color: #363336 !important;border-top-style: solid !important;border-color: #2e2b2e !important;}\u00bb][vc_column width=\u00bb2\/3&#8243;][vc_custom_heading text=\u00bbDepartamentos de lujo en Pre-venta\u00bb font_container=\u00bbtag:h3|font_size:25|text_align:left|color:%23ffffff\u00bb use_theme_fonts=\u00bbyes\u00bb css=\u00bb.vc_custom_1729701496532{padding-left: 50px !important;}\u00bb][\/vc_column][vc_column width=\u00bb1\/3&#8243;][vc_btn title=\u00bbM\u00c1S INFORMACI\u00d3N\u00bb color=\u00bbdefault\u00bb align=\u00bbcenter\u00bb css=\u00bb\u00bb link=\u00bburl:https%3A%2F%2Fapi.whatsapp.com%2Fsend%3Fphone%3D524441651875|target:_blank\u00bb el_id=\u00bbbotons\u00bb][\/vc_column][\/vc_row][vc_row full_width=\u00bbstretch_row_content_no_spaces\u00bb equal_height=\u00bbyes\u00bb content_placement=\u00bbmiddle\u00bb layout=\u00bbwide\u00bb eq_height=\u00bbyes\u00bb css=\u00bb.vc_custom_1730137255502{border-top-width: 1px !important;background-image: url(https:\/\/xtsunuum.com\/en\/wp-content\/uploads\/2024\/10\/edit-vista-departamento-grande.jpg?id=702) !important;background-position: center !important;background-repeat: no-repeat&#8230;<\/p>\n","protected":false},"author":1,"featured_media":705,"parent":0,"menu_order":0,"comment_status":"closed","ping_status":"open","template":"page-full.php","meta":{"footnotes":""},"class_list":["post-8","page","type-page","status-publish","has-post-thumbnail","hentry"],"_links":{"self":[{"href":"https:\/\/xtsunuum.com\/en\/wp-json\/wp\/v2\/pages\/8","targetHints":{"allow":["GET"]}}],"collection":[{"href":"https:\/\/xtsunuum.com\/en\/wp-json\/wp\/v2\/pages"}],"about":[{"href":"https:\/\/xtsunuum.com\/en\/wp-json\/wp\/v2\/types\/page"}],"author":[{"embeddable":true,"href":"https:\/\/xtsunuum.com\/en\/wp-json\/wp\/v2\/users\/1"}],"replies":[{"embeddable":true,"href":"https:\/\/xtsunuum.com\/en\/wp-json\/wp\/v2\/comments?post=8"}],"version-history":[{"count":73,"href":"https:\/\/xtsunuum.com\/en\/wp-json\/wp\/v2\/pages\/8\/revisions"}],"predecessor-version":[{"id":796,"href":"https:\/\/xtsunuum.com\/en\/wp-json\/wp\/v2\/pages\/8\/revisions\/796"}],"wp:featuredmedia":[{"embeddable":true,"href":"https:\/\/xtsunuum.com\/en\/wp-json\/wp\/v2\/media\/705"}],"wp:attachment":[{"href":"https:\/\/xtsunuum.com\/en\/wp-json\/wp\/v2\/media?parent=8"}],"curies":[{"name":"wp","href":"https:\/\/api.w.org\/{rel}","templated":true}]}}